{"id":137,"date":"2014-01-20T20:42:09","date_gmt":"2014-01-20T19:42:09","guid":{"rendered":"http:\/\/s450716425.onlinehome.fr\/topette\/?page_id=137"},"modified":"2023-10-24T12:03:25","modified_gmt":"2023-10-24T10:03:25","slug":"le-projet","status":"publish","type":"page","link":"https:\/\/topette.net\/?page_id=137","title":{"rendered":"Le projet"},"content":{"rendered":"\n<p><strong>C&#8217;est (presque) parti !<\/strong><\/p>\n\n\n\n<p>Apr\u00e8s la France, la Cr\u00e8te, Lisbonne, les \u00eeles grecques, Londres, la Croatie, le Maroc, Amsterdam, la Gr\u00e8ce, Venise, les Canaries, Barcelone, la Tunisie, Istanbul, Cuba, les Seychelles\u2026 qu\u2019est-ce qui nous restait \u00e0 d\u00e9couvrir&nbsp;?&#8230; eh bien LE MONDE \u00e9videmment&nbsp;!!!!<\/p>\n\n\n\n<p>Et \u00e7a, on a beau dire, 15 jours \u00e7a ne suffit pas pour en faire le tour&nbsp;! Par contre en 1 an on peut peut-\u00eatre aller voir les endroits qu\u2019on a le plus envie de conna\u00eetre&nbsp;: Le Taj Mahal\u2026 les temples d\u2019Angkor\u2026 la grande barri\u00e8re de corail en Australie\u2026 le Machu Picchu\u2026 l\u2019\u00cele de P\u00e2ques\u2026 les Gal\u00e1pagos\u2026 et beaucoup d\u2019autres \u2026<br>Alors, apr\u00e8s 2 ans de r\u00e9flexion, depuis 6 mois on est en pleins pr\u00e9paratifs de notre voyage qui devra nous mener \u2026 d\u2019Angers \u00e0 Angers&nbsp;!&#8230; d\u2019ouest en est\u2026 &nbsp;oui on va faire le TOUR DE LA TERRE&nbsp;!!!<\/p>\n\n\n\n<p>Le 1er d\u00e9collage aura lieu le dimanche 11 mai 2014 pour un vol retour le 22 avril 2015\u2026 11 vols et 18 pays visit\u00e9s\u2026 des kilom\u00e8tres \u00e0 pied, en voiture, train, bus, camper van, tuk tuk, mobylette, v\u00e9lo, et \u00e0 dos d\u2019\u00e9l\u00e9phant (bon \u00e7a on verra\u2026 y\u2019a un probl\u00e8me de vertige\u2026)\u2026 mais ce n\u2019est pas un tour du monde de sportifs&nbsp;: on n\u2019envisage pas un trek autour de l\u2019Annapurna\u2026 ni de plonger avec les requins\u2026 encore moins de sauter en parachute dans la Cordill\u00e8re des Andes&nbsp;!<\/p>\n\n\n\n<p>Non, nous ce qu\u2019on veut c\u2019est aller tranquillement nous baigner dans les eaux chaudes du Pacifique ou de l\u2019oc\u00e9an Indien pour filmer les poissons multicolores\u2026 en prendre plein les mirettes en admirant les paysages des rizi\u00e8res balinaises\u2026 caresser un koala ou un Wombat\u2026 se faire arroser en Argentine par les chutes d\u2019Iguazu\u2026 se balader sur les march\u00e9s color\u00e9s d\u2019Am\u00e9rique latine\u2026rencontrer et parler avec des gens qui vivent diff\u00e9rement de nous&#8230; en 1 mot&#8230; PROFITER&nbsp;!<\/p>\n\n\n\n<p>On ne voulait pas attendre la retraite ni partir sans laisser nos gar\u00e7ons assur\u00e9s d\u2019un g\u00eete pour envisager ce voyage\u2026 mais le bon moment nous semble arriv\u00e9 pour que notre v\u0153u se r\u00e9alise.<br>Nous ne sommes ni des t\u00eates br\u00fbl\u00e9es ni des aventuriers, nous avons donc pris toutes nos d\u00e9cisions, assurances, pr\u00e9cautions pour que ce beau voyage se d\u00e9roule au mieux.<\/p>\n\n\n\n<p>Et comme on est partageurs (non faut pas r\u00eaver, on ne va pas vous emmener&nbsp;!) on voulait vous faire profiter de notre beau r\u00eave en ouvrant ce blog o\u00f9 vous pourrez voir notre avanc\u00e9e et admirer les photos prises sur terre dans les airs ou sous l\u2019eau&nbsp;!&#8230; Des rubriques d\u00e9taill\u00e9es vous expliqueront l\u2019organisation de ce voyage (pour ceux que l\u2019id\u00e9e de partir chatouillerait\u2026)\u2026 Et bien s\u00fbr, vous pourrez y laisser vos commentaires pour garder contact avec nous ou nous poser des questions.<\/p>\n\n\n\n<p>Alors on vous dit&#8230;<\/p>\n\n\n\n<p><strong>A bient\u00f4t\u2026 See you later\u2026 Hasta luego\u2026 \u0e21\u0e35\u0e43\u0e19\u0e40\u0e23\u0e47\u0e27 \u0e46 \u0e19\u0e35\u0e49&#8230;t\u1ea1m bi\u1ec7t&#8230;E f\u00e3rerei \u00e3 t\u00e3tou&#8230; Namast\u00e9<\/strong><\/p>\n\n\n\n<figure class=\"wp-block-image size-full\"><a href=\"https:\/\/topette.net\/wp-content\/uploads\/2014\/01\/92636990.jpg\"><img loading=\"lazy\" decoding=\"async\" width=\"640\" height=\"480\" src=\"https:\/\/topette.net\/wp-content\/uploads\/2014\/01\/92636990.jpg\" alt=\"\" class=\"wp-image-166\" srcset=\"https:\/\/topette.net\/wp-content\/uploads\/2014\/01\/92636990.jpg 640w, https:\/\/topette.net\/wp-content\/uploads\/2014\/01\/92636990-300x225.jpg 300w, https:\/\/topette.net\/wp-content\/uploads\/2014\/01\/92636990-624x468.jpg 624w\" sizes=\"auto, (max-width: 640px) 85vw, 640px\" \/><\/a><\/figure>\n\n\n\n<p><\/p>\n\n\n\n<p><\/p>\n","protected":false},"excerpt":{"rendered":"<p>C&#8217;est (presque) parti ! Apr\u00e8s la France, la Cr\u00e8te, Lisbonne, les \u00eeles grecques, Londres, la Croatie, le Maroc, Amsterdam, la Gr\u00e8ce, Venise, les Canaries, Barcelone, la Tunisie, Istanbul, Cuba, les Seychelles\u2026 qu\u2019est-ce qui nous restait \u00e0 d\u00e9couvrir&nbsp;?&#8230; eh bien LE MONDE \u00e9videmment&nbsp;!!!! Et \u00e7a, on a beau dire, 15 jours \u00e7a ne suffit pas pour &hellip; <a href=\"https:\/\/topette.net\/?page_id=137\" class=\"more-link\">Continuer la lecture<span class=\"screen-reader-text\"> de &laquo;&nbsp;Le projet&nbsp;&raquo;<\/span><\/a><\/p>\n","protected":false},"author":1,"featured_media":0,"parent":0,"menu_order":0,"comment_status":"closed","ping_status":"closed","template":"","meta":{"_s2mail":"","footnotes":""},"class_list":["post-137","page","type-page","status-publish","hentry"],"_links":{"self":[{"href":"https:\/\/topette.net\/index.php?rest_route=\/wp\/v2\/pages\/137","targetHints":{"allow":["GET"]}}],"collection":[{"href":"https:\/\/topette.net\/index.php?rest_route=\/wp\/v2\/pages"}],"about":[{"href":"https:\/\/topette.net\/index.php?rest_route=\/wp\/v2\/types\/page"}],"author":[{"embeddable":true,"href":"https:\/\/topette.net\/index.php?rest_route=\/wp\/v2\/users\/1"}],"replies":[{"embeddable":true,"href":"https:\/\/topette.net\/index.php?rest_route=%2Fwp%2Fv2%2Fcomments&post=137"}],"version-history":[{"count":0,"href":"https:\/\/topette.net\/index.php?rest_route=\/wp\/v2\/pages\/137\/revisions"}],"wp:attachment":[{"href":"https:\/\/topette.net\/index.php?rest_route=%2Fwp%2Fv2%2Fmedia&parent=137"}],"curies":[{"name":"wp","href":"https:\/\/api.w.org\/{rel}","templated":true}]}}