{"id":2580,"date":"2018-09-18T18:58:59","date_gmt":"2018-09-18T16:58:59","guid":{"rendered":"https:\/\/topette.net\/?page_id=2580"},"modified":"2020-02-08T18:37:17","modified_gmt":"2020-02-08T17:37:17","slug":"itineraire-previsionnel-cote-sud","status":"publish","type":"page","link":"https:\/\/topette.net\/?page_id=2580","title":{"rendered":"Itin\u00e9raire Pr\u00e9visionnel C\u00f4te Sud"},"content":{"rendered":"<p><iframe loading=\"lazy\" src=\"https:\/\/www.google.com\/maps\/d\/embed?mid=1dOyk5nZKyorKZ35OabvqFqFsL9zwvg1B\" width=\"640\" height=\"480\"><\/iframe><\/p>\n<p>Voici l\u2019itin\u00e9raire que nous pr\u00e9voyons de suivre sur la C\u00f4te Sud Australienne.<br \/>\nNous en avions d\u00e9j\u00e0 fait une partie lors de notre tour du monde en 2014-2015, mais nous avons envie de retourner \u00e0 Sydney et de parcourir de nouveau la Great Ocean Road.<\/p>\n","protected":false},"excerpt":{"rendered":"<p>Voici l\u2019itin\u00e9raire que nous pr\u00e9voyons de suivre sur la C\u00f4te Sud Australienne. Nous en avions d\u00e9j\u00e0 fait une partie lors de notre tour du monde en 2014-2015, mais nous avons envie de retourner \u00e0 Sydney et de parcourir de nouveau la Great Ocean Road.<\/p>\n","protected":false},"author":2,"featured_media":0,"parent":0,"menu_order":0,"comment_status":"closed","ping_status":"closed","template":"","meta":{"_s2mail":"no","footnotes":""},"class_list":["post-2580","page","type-page","status-publish","hentry"],"_links":{"self":[{"href":"https:\/\/topette.net\/index.php?rest_route=\/wp\/v2\/pages\/2580","targetHints":{"allow":["GET"]}}],"collection":[{"href":"https:\/\/topette.net\/index.php?rest_route=\/wp\/v2\/pages"}],"about":[{"href":"https:\/\/topette.net\/index.php?rest_route=\/wp\/v2\/types\/page"}],"author":[{"embeddable":true,"href":"https:\/\/topette.net\/index.php?rest_route=\/wp\/v2\/users\/2"}],"replies":[{"embeddable":true,"href":"https:\/\/topette.net\/index.php?rest_route=%2Fwp%2Fv2%2Fcomments&post=2580"}],"version-history":[{"count":0,"href":"https:\/\/topette.net\/index.php?rest_route=\/wp\/v2\/pages\/2580\/revisions"}],"wp:attachment":[{"href":"https:\/\/topette.net\/index.php?rest_route=%2Fwp%2Fv2%2Fmedia&parent=2580"}],"curies":[{"name":"wp","href":"https:\/\/api.w.org\/{rel}","templated":true}]}}