{"id":2585,"date":"2018-09-18T19:08:49","date_gmt":"2018-09-18T17:08:49","guid":{"rendered":"https:\/\/topette.net\/?page_id=2585"},"modified":"2020-02-08T18:37:17","modified_gmt":"2020-02-08T17:37:17","slug":"itineraire-previsionnel-cote-ouest","status":"publish","type":"page","link":"https:\/\/topette.net\/?page_id=2585","title":{"rendered":"Itin\u00e9raire Pr\u00e9visionnel C\u00f4te Ouest"},"content":{"rendered":"<p><iframe loading=\"lazy\" src=\"https:\/\/www.google.com\/maps\/d\/embed?mid=1yTE5yWhxlMOesbZtp9YHBKvHttxy6XSG\" width=\"640\" height=\"480\"><\/iframe><\/p>\n<p>Voici l\u2019itin\u00e9raire que nous pr\u00e9voyons de suivre sur la C\u00f4te Ouest Australienne.<br \/>\nUn passage par Perth, la m\u00e9tropole la plus isol\u00e9e du monde, qui permettra peut-\u00eatre \u00e0 Martine de rencontrer &#8220;in real life&#8221; sa copine Fiona.<\/p>\n","protected":false},"excerpt":{"rendered":"<p>Voici l\u2019itin\u00e9raire que nous pr\u00e9voyons de suivre sur la C\u00f4te Ouest Australienne. Un passage par Perth, la m\u00e9tropole la plus isol\u00e9e du monde, qui permettra peut-\u00eatre \u00e0 Martine de rencontrer &#8220;in real life&#8221; sa copine Fiona.<\/p>\n","protected":false},"author":2,"featured_media":0,"parent":0,"menu_order":0,"comment_status":"closed","ping_status":"closed","template":"","meta":{"_s2mail":"no","footnotes":""},"class_list":["post-2585","page","type-page","status-publish","hentry"],"_links":{"self":[{"href":"https:\/\/topette.net\/index.php?rest_route=\/wp\/v2\/pages\/2585","targetHints":{"allow":["GET"]}}],"collection":[{"href":"https:\/\/topette.net\/index.php?rest_route=\/wp\/v2\/pages"}],"about":[{"href":"https:\/\/topette.net\/index.php?rest_route=\/wp\/v2\/types\/page"}],"author":[{"embeddable":true,"href":"https:\/\/topette.net\/index.php?rest_route=\/wp\/v2\/users\/2"}],"replies":[{"embeddable":true,"href":"https:\/\/topette.net\/index.php?rest_route=%2Fwp%2Fv2%2Fcomments&post=2585"}],"version-history":[{"count":0,"href":"https:\/\/topette.net\/index.php?rest_route=\/wp\/v2\/pages\/2585\/revisions"}],"wp:attachment":[{"href":"https:\/\/topette.net\/index.php?rest_route=%2Fwp%2Fv2%2Fmedia&parent=2585"}],"curies":[{"name":"wp","href":"https:\/\/api.w.org\/{rel}","templated":true}]}}