{"id":356,"date":"2014-01-30T17:54:44","date_gmt":"2014-01-30T16:54:44","guid":{"rendered":"https:\/\/topette.net\/?page_id=356"},"modified":"2023-10-23T18:19:06","modified_gmt":"2023-10-23T16:19:06","slug":"itineraire","status":"publish","type":"page","link":"https:\/\/topette.net\/?page_id=356","title":{"rendered":"Itin\u00e9raire"},"content":{"rendered":"\n<figure class=\"wp-block-image size-full\"><a href=\"https:\/\/topette.net\/wp-content\/uploads\/2014\/01\/Carte-Itineraire.gif\"><img loading=\"lazy\" decoding=\"async\" width=\"3541\" height=\"2297\" src=\"https:\/\/topette.net\/wp-content\/uploads\/2014\/01\/Carte-Itineraire.gif\" alt=\"Carte Itineraire\" class=\"wp-image-355\"\/><\/a><\/figure>\n\n\n\n<p><\/p>\n\n\n\n<p>Vous pouvez voir sur la carte (cliquez dessus pour l&#8217;agrandir) l&#8217;itin\u00e9raire pr\u00e9visionnel de notre voyage. Celui-ci pourra \u00e9voluer au gr\u00e9 de nos envies mais restera structur\u00e9 par les 15 vols de notre billet &#8220;tour du monde&#8221; \u00e0 savoir :<\/p>\n\n\n\n<ul class=\"wp-block-list\">\n<li>Paris \u2013 Madrid &#8211; Quito<\/li>\n\n\n\n<li>Quito \u2013 Baltra<\/li>\n\n\n\n<li>Baltra \u2013 Quito<\/li>\n\n\n\n<li>Santiago du Chili \u2013 Ile de P\u00e2ques<\/li>\n\n\n\n<li>Ile de P\u00e2ques \u2013 Papeete<\/li>\n\n\n\n<li>Papeete&nbsp;\u2013 Auckland<\/li>\n\n\n\n<li>Auckland \u2013 Melbourne<\/li>\n\n\n\n<li>Cairns \u2013 Sidney<\/li>\n\n\n\n<li>Sidney \u2013&nbsp;Denpasar<\/li>\n\n\n\n<li>Denpasar \u2013 Bangkok<\/li>\n\n\n\n<li>Hano\u00ef \u2013 Kuala Lumpur<\/li>\n\n\n\n<li>Kuala Lumpur \u2013 Katmandou<\/li>\n\n\n\n<li>New Delhi \u2013 Londres &#8211; Paris<\/li>\n<\/ul>\n\n\n\n<p class=\"has-text-align-left\">Allez, Topette !<\/p>\n\n\n\n<p class=\"has-text-align-left\">&nbsp;<\/p>\n","protected":false},"excerpt":{"rendered":"<p>Vous pouvez voir sur la carte (cliquez dessus pour l&#8217;agrandir) l&#8217;itin\u00e9raire pr\u00e9visionnel de notre voyage. Celui-ci pourra \u00e9voluer au gr\u00e9 de nos envies mais restera structur\u00e9 par les 15 vols de notre billet &#8220;tour du monde&#8221; \u00e0 savoir : Allez, Topette ! &nbsp;<\/p>\n","protected":false},"author":2,"featured_media":0,"parent":0,"menu_order":0,"comment_status":"closed","ping_status":"open","template":"","meta":{"_s2mail":"yes","footnotes":""},"class_list":["post-356","page","type-page","status-publish","hentry"],"_links":{"self":[{"href":"https:\/\/topette.net\/index.php?rest_route=\/wp\/v2\/pages\/356","targetHints":{"allow":["GET"]}}],"collection":[{"href":"https:\/\/topette.net\/index.php?rest_route=\/wp\/v2\/pages"}],"about":[{"href":"https:\/\/topette.net\/index.php?rest_route=\/wp\/v2\/types\/page"}],"author":[{"embeddable":true,"href":"https:\/\/topette.net\/index.php?rest_route=\/wp\/v2\/users\/2"}],"replies":[{"embeddable":true,"href":"https:\/\/topette.net\/index.php?rest_route=%2Fwp%2Fv2%2Fcomments&post=356"}],"version-history":[{"count":0,"href":"https:\/\/topette.net\/index.php?rest_route=\/wp\/v2\/pages\/356\/revisions"}],"wp:attachment":[{"href":"https:\/\/topette.net\/index.php?rest_route=%2Fwp%2Fv2%2Fmedia&parent=356"}],"curies":[{"name":"wp","href":"https:\/\/api.w.org\/{rel}","templated":true}]}}